{"id":1352,"date":"2023-02-17T17:59:54","date_gmt":"2023-02-17T17:59:54","guid":{"rendered":"https:\/\/aparthotel-panorama.net\/?page_id=1352"},"modified":"2023-03-01T11:10:51","modified_gmt":"2023-03-01T11:10:51","slug":"geschaeftsreisende","status":"publish","type":"page","link":"https:\/\/aparthotel-panorama.net\/fr\/geschaeftsreisende\/","title":{"rendered":"Voyageurs d'affaires"},"content":{"rendered":"<p>Bienvenue \u00e0 l'Aparthotel Panorama \u00e0 Bad Soden Salm\u00fcnster, l'endroit id\u00e9al pour les voyageurs de loisirs qui aiment se promener et profiter des thermes, ainsi que pour les voyageurs d'affaires, les personnes en d\u00e9placement professionnel et les monteurs.<\/p>\n<p>Notre h\u00f4tel est entour\u00e9 de paysages \u00e9poustouflants dans le Spessart et permet d'acc\u00e9der facilement \u00e0 de nombreuses communes de la r\u00e9gion. Vous pouvez vous y d\u00e9tendre ou vous reposer dans des appartements confortables apr\u00e8s une journ\u00e9e de travail r\u00e9ussie.<\/p>\n<p>Pour les voyageurs de loisirs, nous offrons de nombreuses possibilit\u00e9s de d\u00e9couvrir la nature et les environs. Partez en randonn\u00e9e sur les traces des contes et des l\u00e9gendes ou d\u00e9tendez-vous dans les thermes situ\u00e9s \u00e0 proximit\u00e9. Les voyageurs d'affaires et les monteurs peuvent se pr\u00e9parer des repas savoureux dans nos appartements avec cuisine apr\u00e8s une journ\u00e9e fatigante et profiter du calme.<\/p>\n<p>Gerne besprechen wir Long Stay Raten oder Firmenraten pers\u00f6nlich mit Ihnen. Wir freuen uns auf Ihren Besuch!<\/p>\n<p>Venez chez nous et d\u00e9couvrez la beaut\u00e9 du Spessart. Nous nous r\u00e9jouissons de vous accueillir dans notre Aparthotel Panorama !<\/p>","protected":false},"excerpt":{"rendered":"<p>Herzlich willkommen im Aparthotel Panorama in Bad Soden Salm\u00fcnster, dem idealen Ort f\u00fcr Freizeitreisende, die gerne wandern und die Therme genie\u00dfen, sowie f\u00fcr Gesch\u00e4ftsreisende, Dienstreisende und Monteure. Unser Hotel ist umgeben von atemberaubenden Landschaften im Spessart und bietet eine gute Erreichbarkeit vieler Gemeinden in der Region. Hier k\u00f6nnen Sie sich entspannen oder sich nach einem [&#8230;]<\/p>\n<p><a class=\"btn btn-secondary understrap-read-more-link\" href=\"https:\/\/aparthotel-panorama.net\/fr\/geschaeftsreisende\/\">Lire la suite\u2026<\/a><\/p>","protected":false},"author":9,"featured_media":1353,"parent":0,"menu_order":0,"comment_status":"closed","ping_status":"closed","template":"home-template.php","meta":{"footnotes":""},"acf":[],"_links":{"self":[{"href":"https:\/\/aparthotel-panorama.net\/fr\/wp-json\/wp\/v2\/pages\/1352"}],"collection":[{"href":"https:\/\/aparthotel-panorama.net\/fr\/wp-json\/wp\/v2\/pages"}],"about":[{"href":"https:\/\/aparthotel-panorama.net\/fr\/wp-json\/wp\/v2\/types\/page"}],"author":[{"embeddable":true,"href":"https:\/\/aparthotel-panorama.net\/fr\/wp-json\/wp\/v2\/users\/9"}],"replies":[{"embeddable":true,"href":"https:\/\/aparthotel-panorama.net\/fr\/wp-json\/wp\/v2\/comments?post=1352"}],"version-history":[{"count":5,"href":"https:\/\/aparthotel-panorama.net\/fr\/wp-json\/wp\/v2\/pages\/1352\/revisions"}],"predecessor-version":[{"id":1375,"href":"https:\/\/aparthotel-panorama.net\/fr\/wp-json\/wp\/v2\/pages\/1352\/revisions\/1375"}],"wp:featuredmedia":[{"embeddable":true,"href":"https:\/\/aparthotel-panorama.net\/fr\/wp-json\/wp\/v2\/media\/1353"}],"wp:attachment":[{"href":"https:\/\/aparthotel-panorama.net\/fr\/wp-json\/wp\/v2\/media?parent=1352"}],"curies":[{"name":"wp","href":"https:\/\/api.w.org\/{rel}","templated":true}]}}