{"id":258,"date":"2018-09-03T22:03:48","date_gmt":"2018-09-03T22:03:48","guid":{"rendered":"http:\/\/nzuwfuc.cluster028.hosting.ovh.net\/?page_id=3"},"modified":"2021-06-15T15:43:12","modified_gmt":"2021-06-15T15:43:12","slug":"datenschutz","status":"publish","type":"page","link":"https:\/\/aparthotel-panorama.net\/es\/datenschutz\/","title":{"rendered":"Pol\u00edtica de privacidad"},"content":{"rendered":"<p><strong>Bajo Responsabilidad:<\/strong>:<br \/>\nFranz-von-Sickingen-Stra\u00dfe 1,<br \/>\n63628 Bad Soden-Salm\u00fcnster,<br \/>\nAlemania<\/p>\n<p>&nbsp;<\/p>\n<p><strong>Persona de contacto para la protecci\u00f3n de datos<\/strong>: Pawel Resser<\/p>\n<p>&nbsp;<\/p>\n<p>Tiene los siguientes derechos de acuerdo con el Reglamento general de protecci\u00f3n de datos (RGPD):<\/p>\n<p><strong>Derecho a la informaci\u00f3n<\/strong>: Sie k\u00f6nnen gem\u00e4\u00df Artikel 15 DSGVO eine Best\u00e4tigung dar\u00fcber verlangen, ob Sie betreffende Daten verarbeitet werden. Ist dies der Fall, so haben Sie ein Recht auf Auskunft \u00fcber die verarbeiteten Informationen.<\/p>\n<p>&nbsp;<\/p>\n<p><strong>Derecho a retirar el consentimiento<\/strong>: puede solicitar confirmaci\u00f3n sobre si los datos que le conciernen est\u00e1n siendo procesados, de acuerdo con el art\u00edculo 15 del RGPD. Si este es el caso, tiene derecho de acceso a la informaci\u00f3n procesada.<\/p>\n<p>&nbsp;<\/p>\n<p><strong>Derecho a oponerse<\/strong>: si el procesamiento de sus datos personales es necesario para proteger los intereses leg\u00edtimos de nuestra empresa, puede oponerse al procesamiento en cualquier momento de acuerdo con el art\u00edculo 21 del RGPD.<\/p>\n<p>&nbsp;<\/p>\n<p><strong>Derecho de borrar<\/strong>: si ha retirado su consentimiento, se ha opuesto al procesamiento de sus datos personales (y no existen motivos leg\u00edtimos imperiosos para el procesamiento), sus datos personales ya no son necesarios para los fines del procesamiento, existe la obligaci\u00f3n legal de si lo hace o sus datos personales han sido procesados \u200b\u200bilegalmente, tiene derecho a solicitar el borrado de sus datos personales de conformidad con el art\u00edculo 17 del RGPD.<\/p>\n<p>&nbsp;<\/p>\n<p><strong>Derecho de rectificaci\u00f3n<\/strong>: Si sus datos personales han sido tratados de forma inexacta, tiene derecho a solicitar la rectificaci\u00f3n de estos datos sin demora de acuerdo con el art\u00edculo 16 del RGPD.<\/p>\n<p>&nbsp;<\/p>\n<p><strong>Derecho a restringir el procesamiento<\/strong>en virtud de las condiciones del art\u00edculo 18 del RGPD, tiene derecho a solicitar la restricci\u00f3n del procesamiento de sus datos personales.<\/p>\n<p>&nbsp;<\/p>\n<p><strong>Derecho a la portabilidad de datos<\/strong>: de conformidad con el art\u00edculo 20 del RGPD, tiene derecho a recibir los datos personales proporcionados por usted en un formato estructurado, de uso com\u00fan y legible.<\/p>\n<p>&nbsp;<\/p>\n<p><strong>Derecho de apelaci\u00f3n<\/strong>: tiene derecho a presentar una reclamaci\u00f3n ante la autoridad de control competente de conformidad con el art\u00edculo 13 del RGPD.<\/p>\n<p>&nbsp;<\/p>\n<p>Para ejercer sus derechos, puede contactarnos en la siguiente direcci\u00f3n de correo electr\u00f3nico: <a class=\"contact__link\" href=\"mailto:info@aparthotelpanorama.de\">info@aparthotelpanorama.de<\/a><\/p>\n<p>&nbsp;<\/p>\n<p><strong>Duraci\u00f3n del almacenamiento de los datos personales, o criterios para determinar la duraci\u00f3n<\/strong><br \/>\nLos datos personales procesados por nosotros en el contexto de una consulta de contacto general por correo electr\u00f3nico o formulario de contacto s\u00f3lo son almacenados por nosotros durante el tiempo necesario para la correspondencia respectiva.<\/p>\n<p>&nbsp;<\/p>\n<p>Los datos personales solicitados por nosotros en relaci\u00f3n con la reserva de una habitaci\u00f3n solo se almacenar\u00e1n durante el tiempo que sea necesario para la tramitaci\u00f3n del contrato y cualquier correspondencia posterior relacionada con el contrato o, en el caso de documentos relevantes seg\u00fan la legislaci\u00f3n comercial y \/ o fiscal que contien datos personales, mientras los per\u00edodos legales del C\u00f3digo de Comercio alem\u00e1n y el C\u00f3digo Fiscal alem\u00e1n prev\u00e9n el almacenamiento de estos documentos. \"El (los) prop\u00f3sito (s), as\u00ed como el tipo y alcance del procesamiento\" Los datos personales como el nombre, la direcci\u00f3n, el n\u00famero de tel\u00e9fono o la direcci\u00f3n de correo electr\u00f3nico no se recopilan a menos que usted nos proporcione esta informaci\u00f3n voluntariamente, por ejemplo, para la tramitaci\u00f3n de consultas, gesti\u00f3n de reservas de habitaciones, comentarios, registro de boletines o consultas a trav\u00e9s del formulario de contacto. Los datos facilitados voluntariamente ser\u00e1n utilizados exclusivamente para la finalidad para la que fueron facilitados:<\/p>\n<p>&nbsp;<\/p>\n<p><strong>El fondo legal para el procesamiento<\/strong><br \/>\nLa base legal para el procesamiento de datos personales en relaci\u00f3n con consultas generales por correo electr\u00f3nico o formulario de contacto: Los datos personales procesados \u200b\u200ben relaci\u00f3n con una consulta general por correo electr\u00f3nico o formulario de contacto se procesan sobre la base del consentimiento, Art\u00edculo 6 DSGVO.<\/p>\n<p>&nbsp;<\/p>\n<p><strong>Archivos de registro del servidor \/ evaluaciones estad\u00edsticas<\/strong><br \/>\nLos archivos de registro sobre el acceso del usuario a las p\u00e1ginas, se registran en los servidores, en particular la direcci\u00f3n IP fija del usuario que llama, las p\u00e1ginas consultadas, el tipo de navegador, las direcciones de referencia, la fecha de acceso y la hora de acceso. Podemos recuperar estos datos. Los datos contenidos en los archivos de registro se utilizan exclusivamente con fines estad\u00edsticos. A menos que lo exija la ley, el usuario no est\u00e1 identificado.<\/p>\n<p>&nbsp;<\/p>\n<p><strong>Uso de servicios y contenido de terceros<\/strong><br \/>\nPuede suceder que el contenido de terceros, como videos de YouTube, mapas de Google Maps o feeds RSS, est\u00e9 integrado en nuestro sitio web. Esto siempre requiere que los proveedores de estos contenidos (en adelante, \"proveedores externos\") conozcan la direcci\u00f3n IP del usuario. Sin la direcci\u00f3n IP, no podr\u00edan enviar el contenido al navegador del usuario respectivo. Nos esforzamos por usar solo contenido cuyos respectivos proveedores solo usan la direcci\u00f3n IP para entregar el contenido. Sin embargo, no tenemos ninguna influencia si los proveedores externos almacenan la direcci\u00f3n IP, por ejemplo, con fines estad\u00edsticos \".<\/p>\n<p>&nbsp;<\/p>\n<p><strong>Uso de complementos de Facebook<\/strong><br \/>\nEste sitio web utiliza varios complementos de Facebook, Facebook Ireland Ltd, 4 Grand Canal Square, Grand Canal Harbour, Dubl\u00edn 2, Irlanda. Puede reconocer estos complementos por la \"F\" azul de Facebook, un signo de \"pulgar hacia arriba\" o por el hecho de que este complemento est\u00e1 marcado con la palabra \"Facebook\". Cuando accede a este sitio web, se establece una conexi\u00f3n con los servidores de Facebook a trav\u00e9s de estos complementos y se transmiten los datos. Por un lado, la informaci\u00f3n que usted ve se transmite directamente desde los servidores a su navegador y se muestra all\u00ed, y por otro lado, la informaci\u00f3n sobre su visita a nuestro sitio web se transmite a Facebook. Si ha iniciado sesi\u00f3n en Facebook, la informaci\u00f3n transmitida se puede asignar directamente a su cuenta. Si interact\u00faa con las funciones del complemento, por ejemplo, al presionar el bot\u00f3n \"Me gusta\", esta informaci\u00f3n se env\u00eda directamente desde su navegador a Facebook y se almacena all\u00ed. Facebook es responsable del procesamiento posterior de esta informaci\u00f3n; Consulte la informaci\u00f3n de protecci\u00f3n de datos de Facebook para conocer las condiciones relevantes y las opciones de configuraci\u00f3n. Si desea evitar que se transmitan datos personales a Facebook, cierre la sesi\u00f3n de Facebook antes de visitar este sitio web. Si un usuario no es miembro de Facebook, todav\u00eda existe la posibilidad de que Facebook descubra y almacene su direcci\u00f3n IP. Seg\u00fan Facebook, en Alemania solo se almacena una direcci\u00f3n IP an\u00f3nima.<\/p>\n<p>&nbsp;<\/p>\n<p>El prop\u00f3sito y el alcance de la recopilaci\u00f3n de datos y el procesamiento y uso posterior de los datos por parte de Facebook, as\u00ed como los derechos relacionados y las opciones de configuraci\u00f3n para proteger la privacidad de los usuarios, se pueden encontrar en la pol\u00edtica de privacidad de Facebook: https:\/\/www.facebook.com\/about\/privacy\/.<\/p>\n<p>&nbsp;<\/p>\n<p>Este sitio web utiliza Google Analytics, se utiliza un servicio de an\u00e1lisis web proporcionado por Google, Inc. (\"Google\"). Google utiliza cookies. La informaci\u00f3n generada por los cookies sobre el uso de la oferta en l\u00ednea por parte de los usuarios generalmente se transmite a un servidor de Google en los EE. UU. Y se almacena all\u00ed. Google utilizar\u00e1 esta informaci\u00f3n en nuestro nombre con el fin de evaluar su uso del sitio web, compilar informes sobre la actividad del sitio web para los operadores del sitio web y proporcionar otros servicios relacionados con la actividad del sitio web y el uso de Internet. Al hacerlo, se pueden crear perfiles de usuario seud\u00f3nimos de los usuarios de los datos procesados.<\/p>\n<p>&nbsp;<\/p>\n<p>Google Analytics solo se utiliza en este sitio web con la anonimizaci\u00f3n de IP activada. Esto significa que Google abrevia la direcci\u00f3n IP del usuario dentro de los estados miembros de la Uni\u00f3n Europea o en otros estados contratantes del Acuerdo sobre el Espacio Econ\u00f3mico Europeo. Solo en casos excepcionales se transmitir\u00e1 la direcci\u00f3n IP completa a un servidor de Google en EE. UU. Y se acortar\u00e1 all\u00e1. La direcci\u00f3n IP transmitida por el navegador del usuario no se integrar\u00e1 con otros datos de Google.<\/p>\n<p>&nbsp;<\/p>\n<p>Los usuarios pueden evitar el almacenamiento de cookies configurando el software de su navegador; los usuarios tambi\u00e9n pueden evitar la recopilaci\u00f3n de los datos generados por los cookies y relacionados con su uso de la oferta en l\u00ednea a Google, as\u00ed como el procesamiento de estos datos por parte de Google descargando e instalando el complemento del navegador disponible en el siguiente enlace: https: \/ \/marketingplatform.google.com\/intl\/en_uk\/about\/. La informaci\u00f3n sobre protecci\u00f3n de datos al utilizar Google Analytics se puede encontrar en https:\/\/www.google.com\/analytics\/learn\/privacy.html?hl=de, informaci\u00f3n sobre protecci\u00f3n de datos en general en: https:\/\/policies.google.com\/privacy?hl=en-GB<\/p>\n<p>&nbsp;<\/p>\n<p>Cookies son archivos de texto que se almacenan en su computadora y utilzados en este sitio web. Los cookies permanentes reconocen que su PC ya ha tenido una conexi\u00f3n a una oferta web, \"cookies session \" almacenan las ofertas vistas por \u00faltima vez. \"Cookies session\" se eliminan al final de la sesi\u00f3n. El uso de cookies en la forma seleccionada por nosotros no resulta en ninguna desventaja para usted. Por lo general, puede aceptar o excluir la configuraci\u00f3n, es decir, el almacenamiento, de cookies depende mediante la configuraci\u00f3n en su navegador.<\/p>","protected":false},"excerpt":{"rendered":"<p>Verantwortliche Stelle: Franz-von-Sickingen-Stra\u00dfe 1, 63628 Bad Soden-Salm\u00fcnster, Deutschland &nbsp; Ansprechpartner f\u00fcr den Datenschutz: Pawel Resser &nbsp; Ihnen stehen folgende Rechte gem\u00e4\u00df Datenschutzgrundverordnung (DSGVO) zu: Recht auf Auskunft: Sie k\u00f6nnen gem\u00e4\u00df Artikel 15 DSGVO eine Best\u00e4tigung dar\u00fcber verlangen, ob Sie betreffende Daten verarbeitet werden. Ist dies der Fall, so haben Sie ein Recht auf Auskunft \u00fcber [&#8230;]<\/p>\n<p><a class=\"btn btn-secondary understrap-read-more-link\" href=\"https:\/\/aparthotel-panorama.net\/es\/datenschutz\/\">Leer m\u00e1s&#8230;<\/a><\/p>","protected":false},"author":9,"featured_media":0,"parent":0,"menu_order":0,"comment_status":"closed","ping_status":"open","template":"page-templates\/simple-content.php","meta":{"footnotes":""},"acf":[],"_links":{"self":[{"href":"https:\/\/aparthotel-panorama.net\/es\/wp-json\/wp\/v2\/pages\/258"}],"collection":[{"href":"https:\/\/aparthotel-panorama.net\/es\/wp-json\/wp\/v2\/pages"}],"about":[{"href":"https:\/\/aparthotel-panorama.net\/es\/wp-json\/wp\/v2\/types\/page"}],"author":[{"embeddable":true,"href":"https:\/\/aparthotel-panorama.net\/es\/wp-json\/wp\/v2\/users\/9"}],"replies":[{"embeddable":true,"href":"https:\/\/aparthotel-panorama.net\/es\/wp-json\/wp\/v2\/comments?post=258"}],"version-history":[{"count":6,"href":"https:\/\/aparthotel-panorama.net\/es\/wp-json\/wp\/v2\/pages\/258\/revisions"}],"predecessor-version":[{"id":1087,"href":"https:\/\/aparthotel-panorama.net\/es\/wp-json\/wp\/v2\/pages\/258\/revisions\/1087"}],"wp:attachment":[{"href":"https:\/\/aparthotel-panorama.net\/es\/wp-json\/wp\/v2\/media?parent=258"}],"curies":[{"name":"wp","href":"https:\/\/api.w.org\/{rel}","templated":true}]}}