{"id":1352,"date":"2023-02-17T17:59:54","date_gmt":"2023-02-17T17:59:54","guid":{"rendered":"https:\/\/aparthotel-panorama.net\/?page_id=1352"},"modified":"2023-03-01T11:10:51","modified_gmt":"2023-03-01T11:10:51","slug":"geschaeftsreisende","status":"publish","type":"page","link":"https:\/\/aparthotel-panorama.net\/es\/geschaeftsreisende\/","title":{"rendered":"Viajeros de negocios"},"content":{"rendered":"<p>Bienvenido al Aparthotel Panorama en Bad Soden Salm\u00fcnster, el lugar ideal para viajeros de ocio que disfrutan del senderismo y los ba\u00f1os termales, as\u00ed como para viajeros de negocios y montadores.<\/p>\n<p>Nuestro hotel est\u00e1 rodeado de impresionantes paisajes en el Spessart y ofrece f\u00e1cil acceso a muchas comunidades de la regi\u00f3n. Aqu\u00ed podr\u00e1 relajarse o descansar en c\u00f3modos apartamentos tras un exitoso d\u00eda de trabajo.<\/p>\n<p>Para los viajeros de ocio, ofrecemos muchas oportunidades de descubrir la naturaleza y los alrededores. Practique senderismo tras las huellas de cuentos y leyendas o rel\u00e1jese en los cercanos ba\u00f1os termales. Los viajeros de negocios y los instaladores pueden preparar sabrosas comidas en nuestros apartamentos con cocina despu\u00e9s de un d\u00eda ajetreado y disfrutar de la paz y la tranquilidad.<\/p>\n<p>Gerne besprechen wir Long Stay Raten oder Firmenraten pers\u00f6nlich mit Ihnen. Wir freuen uns auf Ihren Besuch!<\/p>\n<p>Venga a visitarnos y experimente la belleza del Spessart. \u00a1Esperamos darle la bienvenida a nuestro Aparthotel Panorama!<\/p>","protected":false},"excerpt":{"rendered":"<p>Herzlich willkommen im Aparthotel Panorama in Bad Soden Salm\u00fcnster, dem idealen Ort f\u00fcr Freizeitreisende, die gerne wandern und die Therme genie\u00dfen, sowie f\u00fcr Gesch\u00e4ftsreisende, Dienstreisende und Monteure. Unser Hotel ist umgeben von atemberaubenden Landschaften im Spessart und bietet eine gute Erreichbarkeit vieler Gemeinden in der Region. Hier k\u00f6nnen Sie sich entspannen oder sich nach einem [&#8230;]<\/p>\n<p><a class=\"btn btn-secondary understrap-read-more-link\" href=\"https:\/\/aparthotel-panorama.net\/es\/geschaeftsreisende\/\">Leer m\u00e1s&#8230;<\/a><\/p>","protected":false},"author":9,"featured_media":1353,"parent":0,"menu_order":0,"comment_status":"closed","ping_status":"closed","template":"home-template.php","meta":{"footnotes":""},"acf":[],"_links":{"self":[{"href":"https:\/\/aparthotel-panorama.net\/es\/wp-json\/wp\/v2\/pages\/1352"}],"collection":[{"href":"https:\/\/aparthotel-panorama.net\/es\/wp-json\/wp\/v2\/pages"}],"about":[{"href":"https:\/\/aparthotel-panorama.net\/es\/wp-json\/wp\/v2\/types\/page"}],"author":[{"embeddable":true,"href":"https:\/\/aparthotel-panorama.net\/es\/wp-json\/wp\/v2\/users\/9"}],"replies":[{"embeddable":true,"href":"https:\/\/aparthotel-panorama.net\/es\/wp-json\/wp\/v2\/comments?post=1352"}],"version-history":[{"count":5,"href":"https:\/\/aparthotel-panorama.net\/es\/wp-json\/wp\/v2\/pages\/1352\/revisions"}],"predecessor-version":[{"id":1375,"href":"https:\/\/aparthotel-panorama.net\/es\/wp-json\/wp\/v2\/pages\/1352\/revisions\/1375"}],"wp:featuredmedia":[{"embeddable":true,"href":"https:\/\/aparthotel-panorama.net\/es\/wp-json\/wp\/v2\/media\/1353"}],"wp:attachment":[{"href":"https:\/\/aparthotel-panorama.net\/es\/wp-json\/wp\/v2\/media?parent=1352"}],"curies":[{"name":"wp","href":"https:\/\/api.w.org\/{rel}","templated":true}]}}