{"id":1352,"date":"2023-02-17T17:59:54","date_gmt":"2023-02-17T17:59:54","guid":{"rendered":"https:\/\/aparthotel-panorama.net\/?page_id=1352"},"modified":"2023-03-01T11:10:51","modified_gmt":"2023-03-01T11:10:51","slug":"geschaeftsreisende","status":"publish","type":"page","link":"https:\/\/aparthotel-panorama.net\/en\/geschaeftsreisende\/","title":{"rendered":"Business travelers"},"content":{"rendered":"<p>Welcome to the Aparthotel Panorama in Bad Soden Salm\u00fcnster, the ideal place for leisure travelers who like to hike and enjoy the thermal baths, as well as for business travelers and fitters.<\/p>\n<p>Our hotel is surrounded by breathtaking landscapes in the Spessart and offers easy access to many communities in the region. Here you can relax or unwind in comfortable apartments after a successful day's work.<\/p>\n<p>For leisure travelers, we offer many opportunities to discover nature and the surrounding area. Hike in the footsteps of fairy tales and legends or relax in the nearby thermal baths. Business travelers and fitters can prepare tasty meals in our apartments with kitchen after a busy day and enjoy the peace and quiet.<\/p>\n<p>Gerne besprechen wir Long Stay Raten oder Firmenraten pers\u00f6nlich mit Ihnen. Wir freuen uns auf Ihren Besuch!<\/p>\n<p>Come and visit us and experience the beauty of the Spessart. We look forward to welcoming you to our Aparthotel Panorama!<\/p>","protected":false},"excerpt":{"rendered":"<p>Herzlich willkommen im Aparthotel Panorama in Bad Soden Salm\u00fcnster, dem idealen Ort f\u00fcr Freizeitreisende, die gerne wandern und die Therme genie\u00dfen, sowie f\u00fcr Gesch\u00e4ftsreisende, Dienstreisende und Monteure. Unser Hotel ist umgeben von atemberaubenden Landschaften im Spessart und bietet eine gute Erreichbarkeit vieler Gemeinden in der Region. Hier k\u00f6nnen Sie sich entspannen oder sich nach einem [&#8230;]<\/p>\n<p><a class=\"btn btn-secondary understrap-read-more-link\" href=\"https:\/\/aparthotel-panorama.net\/en\/geschaeftsreisende\/\">Read More&#8230;<\/a><\/p>","protected":false},"author":9,"featured_media":1353,"parent":0,"menu_order":0,"comment_status":"closed","ping_status":"closed","template":"home-template.php","meta":{"footnotes":""},"acf":[],"_links":{"self":[{"href":"https:\/\/aparthotel-panorama.net\/en\/wp-json\/wp\/v2\/pages\/1352"}],"collection":[{"href":"https:\/\/aparthotel-panorama.net\/en\/wp-json\/wp\/v2\/pages"}],"about":[{"href":"https:\/\/aparthotel-panorama.net\/en\/wp-json\/wp\/v2\/types\/page"}],"author":[{"embeddable":true,"href":"https:\/\/aparthotel-panorama.net\/en\/wp-json\/wp\/v2\/users\/9"}],"replies":[{"embeddable":true,"href":"https:\/\/aparthotel-panorama.net\/en\/wp-json\/wp\/v2\/comments?post=1352"}],"version-history":[{"count":5,"href":"https:\/\/aparthotel-panorama.net\/en\/wp-json\/wp\/v2\/pages\/1352\/revisions"}],"predecessor-version":[{"id":1375,"href":"https:\/\/aparthotel-panorama.net\/en\/wp-json\/wp\/v2\/pages\/1352\/revisions\/1375"}],"wp:featuredmedia":[{"embeddable":true,"href":"https:\/\/aparthotel-panorama.net\/en\/wp-json\/wp\/v2\/media\/1353"}],"wp:attachment":[{"href":"https:\/\/aparthotel-panorama.net\/en\/wp-json\/wp\/v2\/media?parent=1352"}],"curies":[{"name":"wp","href":"https:\/\/api.w.org\/{rel}","templated":true}]}}